{"id":120,"date":"2019-01-25T11:51:22","date_gmt":"2019-01-25T10:51:22","guid":{"rendered":"https:\/\/www.laureainturismo.it\/privacy-policy\/"},"modified":"2019-01-28T12:22:19","modified_gmt":"2019-01-28T11:22:19","slug":"privacy-policy","status":"publish","type":"page","link":"https:\/\/www.laureainturismo.it\/en\/privacy-policy\/","title":{"rendered":"Privacy Policy"},"content":{"rendered":"\r\n<h2 class=\"wp-block-heading\">PERCHE&#8217; QUESTO AVVISO<\/h2>\r\n<p>In questa pagina si descrivono le modalit\u00e0 di gestione del sito in riferimento al trattamento dei dati personali degli utenti che lo consultano.<\/p>\r\n<p>Si tratta di un&#8217;informativa che \u00e8 resa anche ai sensi dell&#8217;art. 13 del d.lgs. 196\/2003 &#8211; Codice in materia di protezione dei dati personali &#8211; a coloro che interagiscono con il sito web di Fondazione Campus, accessibile per via telematica a partire dall&#8217;indirizzo: laureaturismo.campuslucca.it<\/p>\r\n<p>L\u2019informativa \u00e8 resa solo per il sito di cui in oggetto e non anche per altri siti\u00a0<em>web<\/em>\u00a0eventualmente consultati dall\u2019utente tramite\u00a0<em>link<\/em>.<\/p>\r\n<p>L\u2019informativa si ispira anche alla Raccomandazione n. 2\/2001 che le autorit\u00e0 europee per la protezione dei dati personali, riunite nel Gruppo istituito dall\u2019art. 29 della direttiva n. 95\/46\/CE\u00a0, hanno adottato il 17 maggio 2001 per individuare alcuni requisiti minimi per la raccolta di dati personali\u00a0<em>on-line<\/em>, e, in particolare, le modalit\u00e0, i tempi e la natura delle informazioni che i titolari del trattamento devono fornire agli utenti quando questi si collegano a pagine\u00a0<em>web<\/em>, indipendentemente dagli scopi del collegamento.<\/p>\r\n<h2>IL &#8220;TITOLARE&#8221; DEL TRATTAMENTO<\/h2>\r\n<p>A seguito della consultazione di questo sito possono essere trattati dati relativi a persone identificate o identificabili.<\/p>\r\n<p>Il &#8220;titolare&#8221; del loro trattamento \u00e8 Fondazione Campus, che ha sede in Via del Seminario Prima 790, Monte San Quirico &#8211; 55100 (LU).<\/p>\r\n<h2>LUOGO DI TRATTAMENTO DEI DATI<\/h2>\r\n<p>I trattamenti connessi ai servizi web di questo sito hanno luogo presso la predetta sede del Titolare e sono curati solo da personale appositamente designato incaricato del trattamento.\u00a0L&#8217;elenco dei soggetti incaricati del trattamento \u00e8 disponibile presso la sede del Titolare del trattamento, a cui pu\u00f2 esserne richiesta copia.<\/p>\r\n<h2>TIPI DI DATI TRATTATI<\/h2>\r\n<h3><em>Dati di navigazione<\/em><\/h3>\r\n<p>I sistemi informatici e le procedure software preposte al funzionamento di questo sito web acquisiscono, nel corso del loro normale esercizio, alcuni dati personali la cui trasmissione \u00e8 implicita nell&#8217;uso dei protocolli di comunicazione di Internet.<\/p>\r\n<p>Si tratta di informazioni che non sono raccolte per essere associate a interessati identificati, ma che per loro stessa natura potrebbero, attraverso elaborazioni ed associazioni con dati detenuti da terzi, permettere di identificare gli utenti.<\/p>\r\n<p>In questa categoria di dati rientrano gli indirizzi IP o i nomi a dominio dei computer utilizzati dagli utenti che si connettono al sito, gli indirizzi in notazione URI (Uniform Resource Identifier) delle risorse richieste, l&#8217;orario della richiesta, il metodo utilizzato nel sottoporre la richiesta al server, la dimensione del file ottenuto in risposta, il codice numerico indicante lo stato della risposta data dal server (buon fine, errore, ecc.) ed altri parametri relativi al sistema operativo e all&#8217;ambiente informatico dell&#8217;utente.<\/p>\r\n<p>Questi dati vengono utilizzati al solo fine di ricavare informazioni statistiche anonime sull&#8217;uso del sito e per controllarne il corretto funzionamento e vengono cancellati immediatamente dopo l&#8217;elaborazione. I dati potrebbero essere utilizzati per l&#8217;accertamento di responsabilit\u00e0 in caso di ipotetici reati informatici ai danni del sito.<\/p>\r\n<h3><em>Dati forniti volontariamente dall&#8217;utente<\/em><\/h3>\r\n<p>L&#8217;invio facoltativo, esplicito e volontario di posta elettronica agli indirizzi indicati su questo sito e di messaggi attraverso i moduli di contatto preposti (<em>form di contatto<\/em>), comporta la successiva acquisizione dell&#8217;indirizzo del mittente, necessario per rispondere alle richieste, nonch\u00e9 degli eventuali altri dati personali inseriti nella missiva o nel modulo di contatto.<\/p>\r\n<p>I dati forniti sono trattati direttamente dal personale del titolare del trattamento per l\u2019evasione delle richieste di contatto riportate nelle email degli utenti o\u00a0 indicate nelle finalit\u00e0 dei moduli stessi (richiesta informazioni, offerte di lavoro, richieste preventivo, richiesta materiali informativi e quant\u2019altro indicato nei rispettivi moduli).<\/p>\r\n<h3><em>Cookies<\/em><\/h3>\r\n<p>Come praticamente la totalit\u00e0 dei siti web, anche il nostro utilizza alcuni cookie. I cookie sono piccoli file di testo che i siti visitati dall&#8217;utente (ma anche altri siti o webserver) inviano e registrano sul suo computer (o dispositivo mobile), per essere poi viceversa ritrasmessi agli stessi siti (o webserver), alla successiva visita di quelli, inviando cos\u00ec informazioni.<\/p>\r\n<p>I cookie sono ormai strumenti fondamentali in quanto permettono ai siti moderni di funzionare al meglio, consentendo massima personalizzazione, interazione e fluidit\u00e0 nella navigazione. Ma possono anche essere utilizzati per monitorare le navigazioni dell\u2019utente e poi inviare messaggi pubblicitari in linea con quelle.<\/p>\r\n<p>I cookie possono essere:<\/p>\r\n<ul>\r\n<li>di sessione (se scadono alla chiusura del browser) o permanenti (restano fino al decorrere di un termine, anche di anni);<\/li>\r\n<li>di prima parte o di terze parti (in questo secondo caso sono impostati da un sito o da un webserver diverso da quello che l\u2019utente sta visitando in quel momento);<\/li>\r\n<li>tecnici (necessari, talvolta indispensabili, per una completa &#8211; o migliore &#8211; fruizione del sito) o di profilazione (finalizzati a creare un profilo dell\u2019utente, per poi inviargli messaggi pubblicitari in linea con le preferenze manifestate dallo stesso nel corso della precedente navigazione).<\/li>\r\n<\/ul>\r\n<p>Il Garante della Privacy considera cookie tecnici quelli di sessione, quelli di funzionalit\u00e0 e &#8211; solo a determinate condizioni &#8211; quelli di analytics; in particolare il Garante, nel provvedimento dell&#8217;<a href=\"http:\/\/www.garanteprivacy.it\/web\/guest\/home\/docweb\/-\/docweb-display\/docweb\/3118884\" target=\"_blank\" rel=\"noopener\" data-htmlarea-external=\"1\">8 maggio 2014<\/a>, ha precisato che quest\u2019ultimi possono essere assimilati ai cookie tecnici soltanto se utilizzati a fini di ottimizzazione del sito direttamente dal titolare del sito stesso, che potr\u00e0 raccogliere informazioni in forma aggregata sul numero degli utenti e su come questi visitano il sito.\u00a0<\/p>\r\n<p>Per maggiori informazioni sui tipi di cookie, caratteristiche e loro funzionamento \u00e8 possibile consultare i siti\u00a0<a href=\"http:\/\/www.allaboutcookies.org\/\" target=\"_blank\" rel=\"noopener\" data-htmlarea-external=\"1\">http:\/\/www.allaboutcookies.org<\/a>,\u00a0<a href=\"http:\/\/www.youronlinechoices.com\/\" data-htmlarea-external=\"1\">www.youronlinechoices.com<\/a>,\u00a0\u00a0<a href=\"http:\/\/cookiepedia.co.uk\/\" target=\"_blank\" rel=\"noopener\" data-htmlarea-external=\"1\">http:\/\/cookiepedia.co.uk<\/a>\u00a0e lo specifico Provvedimento del Garante sopraccitato.<\/p>\r\n<p>Sul nostro sito sono presenti i seguenti cookie:<\/p>\r\n<table border=\"1\" cellspacing=\"0\" cellpadding=\"0\">\r\n<tbody>\r\n<tr>\r\n<td valign=\"top\" width=\"101\">\r\n<p>Cookies<\/p>\r\n<\/td>\r\n<td valign=\"top\" width=\"417\">\r\n<p>Descrizione<\/p>\r\n<\/td>\r\n<\/tr>\r\n<tr>\r\n<td valign=\"top\" width=\"101\">\r\n<p>Cookie tecnici di funzionalit\u00e0<\/p>\r\n<\/td>\r\n<td valign=\"top\" width=\"417\">\r\n<p>Sono fondamentali per navigare all\u2019interno del sito utilizzando tutte le sue funzionalit\u00e0, come ad esempio l\u2019accesso alle aree riservate e la selezione della lingua. Senza questi cookie non sarebbe possibile fornire i servizi richiesti. Questi cookie raccolgono informazioni in forma anonima e non sono utilizzate per fini commerciali<\/p>\r\n<\/td>\r\n<\/tr>\r\n<tr>\r\n<td valign=\"top\" width=\"101\">\r\n<p>Cookie tecnici di analytics<\/p>\r\n<\/td>\r\n<td valign=\"top\" width=\"417\">\r\n<p>Questi cookies sono utilizzati per permettere l\u2019analisi dei dati di accesso al sito da parte degli utenti \u2013 in forma anonima e aggregata. Sono cookies relativi alla piattaforma di web analytics Google Analytics. Questi cookie non raccolgono informazioni che possono identificare in qualche modo l\u2019utente. Per dettagli sulle funzionalit\u00e0 di questi cookie e la modalit\u00e0 del loro blocco, consulta la sezione privacy del servizio:\u00a0<a title=\"Protezione dati\" href=\"https:\/\/www.google.com\/analytics\/learn\/privacy.html?hl=it\" target=\"_blank\" rel=\"noopener\" data-htmlarea-external=\"1\">https:\/\/www.google.com\/analytics\/learn\/privacy.html?hl=it<\/a><\/p>\r\n<\/td>\r\n<\/tr>\r\n<tr>\r\n<td valign=\"top\" width=\"101\">\r\n<p>Cookie di terze parti<\/p>\r\n<\/td>\r\n<td valign=\"top\" width=\"417\">\r\n<p>Questi cookie sono depositati da soggetti esterni che arricchiscono il sito con contenuti propri, come ad esempio i plugin dei social network. Questo sito presenta plugin dei seguenti social network che rilasciano cookies:<\/p>\r\n<ul>\r\n<li>Facebook<\/li>\r\n<li>Youtube<\/li>\r\n<\/ul>\r\n<p>Per dettagli sulle funzionalit\u00e0 di questi cookie e la modalit\u00e0 del loro blocco consulta i siti\u00a0<a title=\"All about cookies\" href=\"http:\/\/www.allaboutcookies.org\/\" target=\"_blank\" rel=\"noopener\" data-htmlarea-external=\"1\">http:\/\/www.allaboutcookies.org<\/a>,\u00a0<a title=\"Your online Choices\" href=\"http:\/\/www.youronlinechoices.com\/\" target=\"_blank\" rel=\"noopener\" data-htmlarea-external=\"1\">www.youronlinechoices.com<\/a>,\u00a0<a title=\"Cookiepedia\" href=\"http:\/\/cookiepedia.co.uk\/\" target=\"_blank\" rel=\"noopener\" data-htmlarea-external=\"1\">http:\/\/cookiepedia.co.uk<\/a><\/p>\r\n<\/td>\r\n<\/tr>\r\n<\/tbody>\r\n<\/table>\r\n<p>L\u2019utente pu\u00f2 scegliere se cancellare, o bloccare, taluni (o tutti i) cookie attraverso la configurazione del proprio browser. Di norma questi programmi permettono anche, con apposita opzione, di bloccare specificatamente i cookie di terze parti. Ciascun browser, presenta procedure diverse per la gestione dei cookies, di seguito riportiamo il link alle istruzioni specifiche di quelli pi\u00f9 diffusi:\u00a0<\/p>\r\n<p>Internet Explorer: \u00a0<br \/><a href=\"http:\/\/windows.microsoft.com\/it-it\/internet-explorer\/delete-manage-cookies#ie=ie-11\" target=\"_blank\" rel=\"noopener\" data-htmlarea-external=\"1\">http:\/\/windows.microsoft.com\/it-it\/internet-explorer\/delete-manage-cookies#ie=ie-11<\/a><\/p>\r\n<p>Google Chrome:\u00a0<br \/><a href=\"https:\/\/support.google.com\/accounts\/answer\/61416?hl=it\" target=\"_blank\" rel=\"noopener\" data-htmlarea-external=\"1\">https:\/\/support.google.com\/accounts\/answer\/61416?hl=it<\/a><\/p>\r\n<p>Apple Safari:<br \/><a href=\"http:\/\/support.apple.com\/kb\/HT1677?viewlocale=it_IT\" target=\"_blank\" rel=\"noopener\" data-htmlarea-external=\"1\">http:\/\/support.apple.com\/kb\/HT1677?viewlocale=it_IT<\/a><\/p>\r\n<p>Mozilla Fireforx:<br \/><a href=\"https:\/\/support.mozilla.org\/it\/kb\/Attivare%20e%20disattivare%20i%20cookie\" target=\"_blank\" rel=\"noopener\" data-htmlarea-external=\"1\">https:\/\/support.mozilla.org\/it\/kb\/Attivare%20e%20disattivare%20i%20cookie<\/a><\/p>\r\n<p>Ricordiamo inoltre, che disabilitando completamente i cookie nel browser, l\u2019utente potrebbe non essere in grado di utilizzare tutte le funzionalit\u00e0 interattive.<\/p>\r\n<h2>FACOLTATIVITA&#8217; DEL CONFERIMENTO DEI DATI<\/h2>\r\n<p>A parte quanto specificato per i dati di navigazione, l&#8217;utente \u00e8 libero di fornire i dati personali riportati negli eventuali moduli di richiesta. Il loro mancato conferimento pu\u00f2 comportare l&#8217;impossibilit\u00e0 di ottenere quanto richiesto.<\/p>\r\n<h2>MODALITA&#8217; DEL TRATTAMENTO<\/h2>\r\n<p>I dati personali sono trattati sia manualmente sia con l\u2019ausilio di strumenti elettronici, o comunque automatizzati per il tempo strettamente necessario a conseguire gli scopi per cui sono stati raccolti.<\/p>\r\n<p>Specifiche misure di sicurezza sono osservate per prevenire la perdita dei dati, usi illeciti o non corretti ed accessi non autorizzati.<\/p>\r\n<p>I dati sono custoditi e controllati dal titolare nel rispetto delle misure di riservatezza e di sicurezza previste dallo stesso decreto agli artt. 31 e ss.<\/p>\r\n<h2>DIRITTI DEGLI INTERESSATI<\/h2>\r\n<p>I soggetti cui si riferiscono i dati personali hanno il diritto in qualunque momento di ottenere la conferma dell&#8217;esistenza o meno dei medesimi dati e di conoscerne il contenuto e l&#8217;origine, verificarne l&#8217;esattezza o chiederne l&#8217;integrazione o l&#8217;aggiornamento, oppure la rettificazione (articolo 7 del d.lgs. 196\/2003).<\/p>\r\n<p>Ai sensi del medesimo articolo si ha il diritto di chiedere la cancellazione, la trasformazione in forma anonima o il blocco dei dati trattati in violazione di legge, nonch\u00e9 di opporsi in ogni caso, per motivi legittimi, al loro trattamento.<\/p>\r\n<ul>\r\n<li>via e-mail, all&#8217;indirizzo info@fondazionecampus.it;<\/li>\r\n<li>oppure via posta ordinaria a Fondazione Campus, con sede in Via del Seminario Prima 790, Monte San Quirico &#8211; 55100 (LU).<\/li>\r\n<\/ul>\r\n","protected":false},"excerpt":{"rendered":"<p>PERCHE&#8217; QUESTO AVVISO In questa pagina si descrivono le modalit\u00e0 di gestione del sito in riferimento al trattamento dei dati&hellip;<\/p>\n<p><a class=\"btn btn-dark btn-sm unipi-read-more-link\" href=\"https:\/\/www.laureainturismo.it\/en\/privacy-policy\/\">Read More&#8230;<\/a><\/p>\n","protected":false},"author":6,"featured_media":0,"parent":0,"menu_order":0,"comment_status":"closed","ping_status":"closed","template":"","meta":{"footnotes":""},"class_list":["post-120","page","type-page","status-publish","hentry"],"yoast_head":"<!-- This site is optimized with the Yoast SEO plugin v27.5 - https:\/\/yoast.com\/product\/yoast-seo-wordpress\/ -->\n<title>Privacy Policy - Laurea in Turismo - Campus Lucca<\/title>\n<meta name=\"robots\" content=\"index, follow, max-snippet:-1, max-image-preview:large, max-video-preview:-1\" \/>\n<link rel=\"canonical\" href=\"https:\/\/www.laureainturismo.it\/en\/privacy-policy\/\" \/>\n<meta property=\"og:locale\" content=\"en_US\" \/>\n<meta property=\"og:type\" content=\"article\" \/>\n<meta property=\"og:title\" content=\"Privacy Policy - Laurea in Turismo - Campus Lucca\" \/>\n<meta property=\"og:description\" content=\"PERCHE&#8217; QUESTO AVVISO In questa pagina si descrivono le modalit\u00e0 di gestione del sito in riferimento al trattamento dei dati&hellip;Read More...\" \/>\n<meta property=\"og:url\" content=\"https:\/\/www.laureainturismo.it\/en\/privacy-policy\/\" \/>\n<meta property=\"og:site_name\" content=\"Laurea in Turismo - Campus Lucca\" \/>\n<meta property=\"article:modified_time\" content=\"2019-01-28T11:22:19+00:00\" \/>\n<meta name=\"twitter:card\" content=\"summary_large_image\" \/>\n<meta name=\"twitter:label1\" content=\"Est. reading time\" \/>\n\t<meta name=\"twitter:data1\" content=\"7 minutes\" \/>\n<script type=\"application\/ld+json\" class=\"yoast-schema-graph\">{\"@context\":\"https:\\\/\\\/schema.org\",\"@graph\":[{\"@type\":\"WebPage\",\"@id\":\"https:\\\/\\\/www.laureainturismo.it\\\/en\\\/privacy-policy\\\/\",\"url\":\"https:\\\/\\\/www.laureainturismo.it\\\/en\\\/privacy-policy\\\/\",\"name\":\"Privacy Policy - Laurea in Turismo - Campus Lucca\",\"isPartOf\":{\"@id\":\"https:\\\/\\\/www.laureainturismo.it\\\/en\\\/#website\"},\"datePublished\":\"2019-01-25T10:51:22+00:00\",\"dateModified\":\"2019-01-28T11:22:19+00:00\",\"breadcrumb\":{\"@id\":\"https:\\\/\\\/www.laureainturismo.it\\\/en\\\/privacy-policy\\\/#breadcrumb\"},\"inLanguage\":\"en-US\",\"potentialAction\":[{\"@type\":\"ReadAction\",\"target\":[\"https:\\\/\\\/www.laureainturismo.it\\\/en\\\/privacy-policy\\\/\"]}]},{\"@type\":\"BreadcrumbList\",\"@id\":\"https:\\\/\\\/www.laureainturismo.it\\\/en\\\/privacy-policy\\\/#breadcrumb\",\"itemListElement\":[{\"@type\":\"ListItem\",\"position\":1,\"name\":\"Home\",\"item\":\"https:\\\/\\\/www.laureainturismo.it\\\/en\\\/\"},{\"@type\":\"ListItem\",\"position\":2,\"name\":\"Privacy Policy\"}]},{\"@type\":\"WebSite\",\"@id\":\"https:\\\/\\\/www.laureainturismo.it\\\/en\\\/#website\",\"url\":\"https:\\\/\\\/www.laureainturismo.it\\\/en\\\/\",\"name\":\"Laurea in Turismo - Campus Lucca\",\"description\":\"Corsi di Laurea in Turismo\",\"publisher\":{\"@id\":\"https:\\\/\\\/www.laureainturismo.it\\\/en\\\/#organization\"},\"potentialAction\":[{\"@type\":\"SearchAction\",\"target\":{\"@type\":\"EntryPoint\",\"urlTemplate\":\"https:\\\/\\\/www.laureainturismo.it\\\/en\\\/?s={search_term_string}\"},\"query-input\":{\"@type\":\"PropertyValueSpecification\",\"valueRequired\":true,\"valueName\":\"search_term_string\"}}],\"inLanguage\":\"en-US\"},{\"@type\":\"Organization\",\"@id\":\"https:\\\/\\\/www.laureainturismo.it\\\/en\\\/#organization\",\"name\":\"Laurea in Turismo - Campus Lucca\",\"url\":\"https:\\\/\\\/www.laureainturismo.it\\\/en\\\/\",\"logo\":{\"@type\":\"ImageObject\",\"inLanguage\":\"en-US\",\"@id\":\"https:\\\/\\\/www.laureainturismo.it\\\/en\\\/#\\\/schema\\\/logo\\\/image\\\/\",\"url\":\"https:\\\/\\\/www.laureainturismo.it\\\/wp-content\\\/uploads\\\/2019\\\/03\\\/campus-laurea.png\",\"contentUrl\":\"https:\\\/\\\/www.laureainturismo.it\\\/wp-content\\\/uploads\\\/2019\\\/03\\\/campus-laurea.png\",\"width\":354,\"height\":72,\"caption\":\"Laurea in Turismo - Campus Lucca\"},\"image\":{\"@id\":\"https:\\\/\\\/www.laureainturismo.it\\\/en\\\/#\\\/schema\\\/logo\\\/image\\\/\"}}]}<\/script>\n<!-- \/ Yoast SEO plugin. -->","yoast_head_json":{"title":"Privacy Policy - Laurea in Turismo - Campus Lucca","robots":{"index":"index","follow":"follow","max-snippet":"max-snippet:-1","max-image-preview":"max-image-preview:large","max-video-preview":"max-video-preview:-1"},"canonical":"https:\/\/www.laureainturismo.it\/en\/privacy-policy\/","og_locale":"en_US","og_type":"article","og_title":"Privacy Policy - Laurea in Turismo - Campus Lucca","og_description":"PERCHE&#8217; QUESTO AVVISO In questa pagina si descrivono le modalit\u00e0 di gestione del sito in riferimento al trattamento dei dati&hellip;Read More...","og_url":"https:\/\/www.laureainturismo.it\/en\/privacy-policy\/","og_site_name":"Laurea in Turismo - Campus Lucca","article_modified_time":"2019-01-28T11:22:19+00:00","twitter_card":"summary_large_image","twitter_misc":{"Est. reading time":"7 minutes"},"schema":{"@context":"https:\/\/schema.org","@graph":[{"@type":"WebPage","@id":"https:\/\/www.laureainturismo.it\/en\/privacy-policy\/","url":"https:\/\/www.laureainturismo.it\/en\/privacy-policy\/","name":"Privacy Policy - Laurea in Turismo - Campus Lucca","isPartOf":{"@id":"https:\/\/www.laureainturismo.it\/en\/#website"},"datePublished":"2019-01-25T10:51:22+00:00","dateModified":"2019-01-28T11:22:19+00:00","breadcrumb":{"@id":"https:\/\/www.laureainturismo.it\/en\/privacy-policy\/#breadcrumb"},"inLanguage":"en-US","potentialAction":[{"@type":"ReadAction","target":["https:\/\/www.laureainturismo.it\/en\/privacy-policy\/"]}]},{"@type":"BreadcrumbList","@id":"https:\/\/www.laureainturismo.it\/en\/privacy-policy\/#breadcrumb","itemListElement":[{"@type":"ListItem","position":1,"name":"Home","item":"https:\/\/www.laureainturismo.it\/en\/"},{"@type":"ListItem","position":2,"name":"Privacy Policy"}]},{"@type":"WebSite","@id":"https:\/\/www.laureainturismo.it\/en\/#website","url":"https:\/\/www.laureainturismo.it\/en\/","name":"Laurea in Turismo - Campus Lucca","description":"Corsi di Laurea in Turismo","publisher":{"@id":"https:\/\/www.laureainturismo.it\/en\/#organization"},"potentialAction":[{"@type":"SearchAction","target":{"@type":"EntryPoint","urlTemplate":"https:\/\/www.laureainturismo.it\/en\/?s={search_term_string}"},"query-input":{"@type":"PropertyValueSpecification","valueRequired":true,"valueName":"search_term_string"}}],"inLanguage":"en-US"},{"@type":"Organization","@id":"https:\/\/www.laureainturismo.it\/en\/#organization","name":"Laurea in Turismo - Campus Lucca","url":"https:\/\/www.laureainturismo.it\/en\/","logo":{"@type":"ImageObject","inLanguage":"en-US","@id":"https:\/\/www.laureainturismo.it\/en\/#\/schema\/logo\/image\/","url":"https:\/\/www.laureainturismo.it\/wp-content\/uploads\/2019\/03\/campus-laurea.png","contentUrl":"https:\/\/www.laureainturismo.it\/wp-content\/uploads\/2019\/03\/campus-laurea.png","width":354,"height":72,"caption":"Laurea in Turismo - Campus Lucca"},"image":{"@id":"https:\/\/www.laureainturismo.it\/en\/#\/schema\/logo\/image\/"}}]}},"jetpack_sharing_enabled":true,"_links":{"self":[{"href":"https:\/\/www.laureainturismo.it\/en\/wp-json\/wp\/v2\/pages\/120","targetHints":{"allow":["GET"]}}],"collection":[{"href":"https:\/\/www.laureainturismo.it\/en\/wp-json\/wp\/v2\/pages"}],"about":[{"href":"https:\/\/www.laureainturismo.it\/en\/wp-json\/wp\/v2\/types\/page"}],"author":[{"embeddable":true,"href":"https:\/\/www.laureainturismo.it\/en\/wp-json\/wp\/v2\/users\/6"}],"replies":[{"embeddable":true,"href":"https:\/\/www.laureainturismo.it\/en\/wp-json\/wp\/v2\/comments?post=120"}],"version-history":[{"count":1,"href":"https:\/\/www.laureainturismo.it\/en\/wp-json\/wp\/v2\/pages\/120\/revisions"}],"predecessor-version":[{"id":121,"href":"https:\/\/www.laureainturismo.it\/en\/wp-json\/wp\/v2\/pages\/120\/revisions\/121"}],"wp:attachment":[{"href":"https:\/\/www.laureainturismo.it\/en\/wp-json\/wp\/v2\/media?parent=120"}],"curies":[{"name":"wp","href":"https:\/\/api.w.org\/{rel}","templated":true}]}}